{"id":1008,"date":"2024-11-01T17:40:49","date_gmt":"2024-11-01T16:40:49","guid":{"rendered":"https:\/\/adegachaos.gal\/aviso-legal\/"},"modified":"2025-11-19T18:41:35","modified_gmt":"2025-11-19T17:41:35","slug":"aviso-legal","status":"publish","type":"page","link":"https:\/\/adegachaos.gal\/gl\/aviso-legal\/","title":{"rendered":"Aviso Legal"},"content":{"rendered":"<h1><b>Aviso Legal<\/b><\/h1>\n<p><strong>Identificaci\u00f3n e Titularidade<\/strong><\/p>\n<p>En cumprimento do artigo 10 da Lei 34\/2002, do 11 de xullo, de Servizos da Sociedade da Informaci\u00f3n e Comercio Electr\u00f3nico, o Titular exp\u00f3n os seus datos identificativos:<\/p>\n<p>Titular: SAT EGAPOR N\u00b0739 XUGA (Adega Chaos).<br \/>\nNIF: F15223365 Domicilio: CHAOS, SAN MAMED DE RIVADULLA &#8211; 15885 VEDRA, A Coru\u00f1a &#8211; Espa\u00f1a.<br \/>\nCorreo electr\u00f3nico: info@adegachaos.gal \u00c7<br \/>\nSitio Web: https:\/\/adegachaos.gal<\/p>\n<p><strong>Finalidade<\/strong><\/p>\n<p>A finalidade do Sitio Web \u00e9: Venda de bebidas alcoh\u00f3licas.<\/p>\n<p><strong>Condici\u00f3ns de Uso<\/strong><\/p>\n<p>A utilizaci\u00f3n do Sitio Web out\u00f3rgalle a condici\u00f3n de Usuario, e implica a aceptaci\u00f3n completa de todas as cl\u00e1usulas e condici\u00f3ns de uso inclu\u00eddas nas p\u00e1xinas:<\/p>\n<p>Aviso Legal Pol\u00edtica de Privacidade Pol\u00edtica de Cookies<\/p>\n<p>Se non estivera conforme con todas e cada unha destas cl\u00e1usulas e condici\u00f3ns abste\u00f1ase de utilizar o Sitio Web.<\/p>\n<p>O acceso ao Sitio Web non sup\u00f3n, en modo alg\u00fan, o inicio dunha relaci\u00f3n comercial co Titular.<\/p>\n<p>A trav\u00e9s do Sitio Web, o Titular facil\u00edtalle o acceso e a utilizaci\u00f3n de diversos contidos que o Titular e\/ou os seus colaboradores publicaron por medio de Internet.<\/p>\n<p>A tal efecto, est\u00e1 obrigado e comprometido a NON utilizar calquera dos contidos do Sitio Web con fins ou efectos il\u00edcitos, prohibidos neste Aviso Legal ou pola lexislaci\u00f3n vixente, lesivos dos dereitos e intereses de terceiros, ou que de calquera forma poidan danar, inutilizar, sobrecargar, deteriorar ou impedir a normal utilizaci\u00f3n dos contidos, os equipos inform\u00e1ticos ou os documentos, arquivos e toda clase de contidos almacenados en calquera equipo inform\u00e1tico propios ou contratados polo Titular, doutros usuarios ou de calquera usuario de Internet.<\/p>\n<p><strong>Maior\u00eda de idade<\/strong><\/p>\n<p>Debe ter polo menos 18 anos de idade para usar os servizos ofrecidos polo Titular ou a maior\u00eda de idade que se requira no seu pa\u00eds para rexistrarse no Sitio Web ou utilizalo. Se reside nun pa\u00eds que non pertenza \u00e1 Uni\u00f3n Europea, debe ter polo menos 18 anos de idade para usar o sitio Web ou a maior\u00eda de idade que se requira no seu pa\u00eds para rexistrarse no sitio Web ou utilizalo.<\/p>\n<p>Ademais de ter a idade m\u00ednima requirida para usar o sitio Web en virtude da lei aplicable, se non ten a idade suficiente para poder aceptar as condici\u00f3ns no seu pa\u00eds, o seu pai, nai ou titor deben aceptar as condici\u00f3ns no seu nome.<\/p>\n<p><strong>Medidas de seguridade<\/strong><\/p>\n<p>Os datos persoais que facilite ao Titular poden ser almacenados en bases de datos automatizadas ou non, cuya titularidade corresponde en exclusiva ao Titular, que asume todas as medidas de \u00edndole t\u00e9cnica, organizativa e de seguridade que garanten a confidencialidade, integridade e calidade da informaci\u00f3n contida nas mesmas de acordo co establecido na normativa vixente en protecci\u00f3n de datos.<\/p>\n<p>Non obstante, debe ser consciente de que as medidas de seguridade dos sistemas inform\u00e1ticos en Internet non son enteramente fiables e que, polo tanto, o Titular non pode garantir a inexistencia de virus ou outros elementos que poidan producir alteraci\u00f3ns nos sistemas inform\u00e1ticos (software e hardware) do Usuario ou nos seus documentos electr\u00f3nicos e ficheiros contidos nos mesmos a\u00ednda que o Titular pon todos os medios necesarios e toma as medidas de seguridade oportunas para evitar a presenza destes elementos dani\u00f1os.<\/p>\n<p><strong>Tratamento de Datos Persoais<\/strong><\/p>\n<p>Pode consultar toda a informaci\u00f3n relativa ao tratamento de datos persoais que recolle o Titular na p\u00e1xina de Pol\u00edtica de Privacidade.<\/p>\n<p><strong>Contidos<\/strong><\/p>\n<p>O Titular obtivo a informaci\u00f3n, o contido multimedia e os materiais inclu\u00eddos no Sitio Web de fontes que considera fiables, pero, se ben tomou todas as medidas razoables para asegurar que a informaci\u00f3n contida \u00e9 correcta, o Titular non garantiza que sexa exacta, completa ou actualizada. O Titular declina expresamente calquera responsabilidade por erro ou omisi\u00f3n na informaci\u00f3n contida nas p\u00e1xinas do Sitio Web.<\/p>\n<p>Queda prohibido transmitir ou enviar a trav\u00e9s do Sitio Web calquera contido ilegal ou il\u00edcito, virus inform\u00e1ticos, ou mensaxes que, en xeral, afecten ou violen dereitos do Titular ou de terceiros.<\/p>\n<p>Os contidos do Sitio Web te\u00f1en unicamente unha finalidade informativa e baixo ningunha circunstancia deben usarse nin considerarse como oferta de venda, solicitude dunha oferta de compra nin recomendaci\u00f3n para realizar calquera outra operaci\u00f3n, salvo que as\u00ed se indique expresamente.<\/p>\n<p>O Titular res\u00e9rvase o dereito a modificar, suspender, cancelar ou restrinxir o contido do Sitio Web, as ligaz\u00f3ns ou a informaci\u00f3n obtida a trav\u00e9s do Sitio Web, sen necesidade de previo aviso.<\/p>\n<p>O Titular non \u00e9 responsable dos danos e prexu\u00edzos que puidesen derivarse da utilizaci\u00f3n da informaci\u00f3n do Sitio Web ou da contida nas redes sociais do Titular.<\/p>\n<p><strong>Pol\u00edtica de cookies<\/strong><\/p>\n<p>Pode consultar toda a informaci\u00f3n relativa \u00e1 pol\u00edtica de recollida e tratamento das cookies na p\u00e1xina de Pol\u00edtica de Cookies.<\/p>\n<p><strong>Ligaz\u00f3ns a outros sitios Web<\/strong><\/p>\n<p>O Titular pode proporcionarlle acceso a sitios Web de terceiros mediante ligaz\u00f3ns coa finalidade exclusiva de informar sobre a existencia doutras fontes de informaci\u00f3n en Internet nas que poder\u00e1 ampliar os datos ofrecidos no Sitio Web.<\/p>\n<p>Estas ligaz\u00f3ns a outros sitios Web non supo\u00f1en en ning\u00fan caso unha suxesti\u00f3n ou recomendaci\u00f3n para que vostede visite as p\u00e1xinas web de destino, que est\u00e1n f\u00f3ra do control do Titular, polo que o Titular non \u00e9 responsable do contido dos sitios web vinculados nin do resultado que obte\u00f1a ao seguir as ligaz\u00f3ns. As\u00ed mesmo, o Titular non responde das ligaz\u00f3ns ou enlaces ubicados nos sitios web vinculados aos que lle proporciona acceso.<\/p>\n<p>O establecemento da ligaz\u00f3n non implica en ning\u00fan caso a existencia de relaci\u00f3ns entre o Titular e o propietario do sitio no que se estableza a ligaz\u00f3n, nin a aceptaci\u00f3n ou aprobaci\u00f3n por parte do Titular dos seus contidos ou servizos.<\/p>\n<p>Se accede a un sitio web externo desde unha ligaz\u00f3n que atope no Sitio Web vostede deber\u00e1 ler a propia pol\u00edtica de privacidade do outro sitio web que pode ser diferente da deste sitio Web.<\/p>\n<p><strong>Propiedade intelectual e industrial<\/strong><\/p>\n<p>Todos os dereitos est\u00e1n reservados.<\/p>\n<p>Todo acceso a este Sitio Web est\u00e1 suxeito \u00e1s seguintes condici\u00f3ns: a reproduci\u00f3n, almacenaxe permanente e a difusi\u00f3n dos contidos ou calquera outro uso que te\u00f1a finalidade p\u00fablica ou comercial queda expresamente prohibida sen o consentimento previo expreso e por escrito do Titular.<\/p>\n<p><strong>Limitaci\u00f3n de responsabilidade<\/strong><\/p>\n<p>A informaci\u00f3n e servizos inclu\u00eddos ou dispo\u00f1ibles a trav\u00e9s do Sitio Web poden inclu\u00edr incorrecci\u00f3ns ou erros tipogr\u00e1ficos. De forma peri\u00f3dica o Titular incorpora melloras e\/ou cambios \u00e1 informaci\u00f3n contida e\/ou os Servizos que pode introducir en calquera momento.<\/p>\n<p>O Titular non declara nin garante que os servizos ou contidos sexan interrompidos ou que estean libres de erros, que os defectos sexan correxidos, ou que o servizo ou o servidor que o pon a disposici\u00f3n estean libres de virus ou outros compo\u00f1entes nocivos sen prexu\u00edzo de que o Titular realiza todos os esforzos en evitar este tipo de incidentes.<\/p>\n<p>O Titular declina calquera responsabilidade no caso de que existan interrupci\u00f3ns ou un mal funcionamento dos Servizos ou contidos ofrecidos en Internet, calquera que sexa a s\u00faa causa. As\u00ed mesmo, o Titular non se fai responsable por ca\u00eddas da rede, perdas de negocio a consecuencia de devanditas ca\u00eddas, suspensi\u00f3ns temporais de flu\u00eddo el\u00e9ctrico ou calquera outro tipo de dano indirecto que che poida ser causado por causas alleas ao Titular.<\/p>\n<p>Antes de tomar decisi\u00f3ns e\/ou acci\u00f3ns con base na informaci\u00f3n inclu\u00edda no Sitio Web, o Titular recom\u00e9ndalle comprobar e contrastar a informaci\u00f3n recibida con outras fontes.<\/p>\n<p><strong>Xurisdici\u00f3n<\/strong><\/p>\n<p>Este Aviso Legal r\u00e9xese integramente pola lexislaci\u00f3n espa\u00f1ola.<\/p>\n<p>Sempre que non haxa unha norma que obrigue a outra cousa, para cantas cuesti\u00f3ns se susciten sobre a interpretaci\u00f3n, aplicaci\u00f3n e cumprimento deste Aviso Legal, as\u00ed como das reclamaci\u00f3ns que poidan derivarse do seu uso, as partes acordan someterse aos Xu\u00edces e Tribunais da provincia da Coru\u00f1a, con renuncia expresa de calquera outra xurisdici\u00f3n que puidese corresponderlles.<\/p>\n<p><strong>Contacto<\/strong><\/p>\n<p>No caso de que vostede te\u00f1a calquera d\u00fabida acerca deste Aviso Legal ou queira realizar calquera comentario sobre o Sitio Web, pode enviar unha mensaxe de correo electr\u00f3nico ao enderezo: info@adegachaos.gal<\/p>\n","protected":false},"excerpt":{"rendered":"<p>Aviso Legal Identificaci\u00f3n e Titularidade En cumprimento do artigo 10 da Lei 34\/2002, do 11 de xullo, de Servizos da Sociedade da Informaci\u00f3n e Comercio Electr\u00f3nico, o Titular exp\u00f3n os&#8230;<\/p>\n","protected":false},"author":1,"featured_media":0,"parent":0,"menu_order":0,"comment_status":"closed","ping_status":"closed","template":"","meta":{"footnotes":""},"class_list":["post-1008","page","type-page","status-publish"],"_links":{"self":[{"href":"https:\/\/adegachaos.gal\/gl\/wp-json\/wp\/v2\/pages\/1008","targetHints":{"allow":["GET"]}}],"collection":[{"href":"https:\/\/adegachaos.gal\/gl\/wp-json\/wp\/v2\/pages"}],"about":[{"href":"https:\/\/adegachaos.gal\/gl\/wp-json\/wp\/v2\/types\/page"}],"author":[{"embeddable":true,"href":"https:\/\/adegachaos.gal\/gl\/wp-json\/wp\/v2\/users\/1"}],"replies":[{"embeddable":true,"href":"https:\/\/adegachaos.gal\/gl\/wp-json\/wp\/v2\/comments?post=1008"}],"version-history":[{"count":2,"href":"https:\/\/adegachaos.gal\/gl\/wp-json\/wp\/v2\/pages\/1008\/revisions"}],"predecessor-version":[{"id":1014,"href":"https:\/\/adegachaos.gal\/gl\/wp-json\/wp\/v2\/pages\/1008\/revisions\/1014"}],"wp:attachment":[{"href":"https:\/\/adegachaos.gal\/gl\/wp-json\/wp\/v2\/media?parent=1008"}],"curies":[{"name":"wp","href":"https:\/\/api.w.org\/{rel}","templated":true}]}}