{"id":1016,"date":"2024-10-29T19:37:22","date_gmt":"2024-10-29T18:37:22","guid":{"rendered":"https:\/\/adegachaos.gal\/politica-privacidad\/"},"modified":"2025-11-19T18:44:36","modified_gmt":"2025-11-19T17:44:36","slug":"politica-privacidad","status":"publish","type":"page","link":"https:\/\/adegachaos.gal\/gl\/politica-privacidad\/","title":{"rendered":"Pol\u00edtica de privacidad"},"content":{"rendered":"<h1><strong>Pol\u00edtica de Privacidade<\/strong><\/h1>\n<p>O Titular inf\u00f3rmalle sobre a s\u00faa Pol\u00edtica de Privacidade respecto do tratamento e protecci\u00f3n dos datos de car\u00e1cter persoal dos usuarios que poidan ser recadados durante a navegaci\u00f3n a trav\u00e9s do Sitio Web: https:\/\/adegachaos.gal<\/p>\n<p>Neste sentido, o Titular garante o cumprimento da normativa vixente en materia de protecci\u00f3n de datos persoais, reflectida na Lei Org\u00e1nica 3\/2018, do 5 de decembro, de Protecci\u00f3n de Datos Persoais e de Garant\u00eda de Dereitos Dixitais (LOPD GDD). Cumpre tam\u00e9n co Regulamento (UE) 2016\/679 do Parlamento Europeo e do Consello do 27 de abril de 2016 relativo \u00e1 protecci\u00f3n das persoas f\u00edsicas (RXPD).<\/p>\n<p>O uso do sitio Web implica a aceptaci\u00f3n desta Pol\u00edtica de Privacidade as\u00ed como as condici\u00f3ns inclu\u00eddas no Aviso Legal.<\/p>\n<p><strong>Identidade do Responsable<\/strong><\/p>\n<p>Responsable: SAT EGAPOR N\u00b0739 XUGA (Adega Chaos). NIF: F15223365 Domicilio: CHAOS, SAN MAMED DE RIVADULLA \u2013 15885 VEDRA, A Coru\u00f1a \u2013 Espa\u00f1a. Correo electr\u00f3nico: info@adegachaos.gal Sitio Web: https:\/\/adegachaos.gal<\/p>\n<p><strong>Principios aplicados no tratamento de datos<\/strong><\/p>\n<p>No tratamento dos seus datos persoais, o Titular aplicar\u00e1 os seguintes principios que se axustan \u00e1s esixencias do novo regulamento europeo de protecci\u00f3n de datos (RXPD):<\/p>\n<p><strong>Principio de licitude, lealdade e transparencia:<\/strong> O Titular sempre requirir\u00e1 o consentimento para o tratamento dos datos persoais que pode ser para un ou varios fins espec\u00edficos sobre os que o Titular informar\u00e1 ao Usuario previamente con absoluta transparencia.<\/p>\n<p><strong>Principio de minimizaci\u00f3n de datos:<\/strong> O Titular solicitar\u00e1 s\u00f3 os datos estritamente necesarios para o fin ou os fins que os solicita.<\/p>\n<p><strong>Principio de limitaci\u00f3n do prazo de conservaci\u00f3n:<\/strong> O Titular manter\u00e1 os datos persoais recadados durante o tempo estritamente necesario para o fin ou os fins do tratamento. O Titular informar\u00e1 ao Usuario do prazo de conservaci\u00f3n correspondente segundo a finalidade.<\/p>\n<p>No caso de subscrici\u00f3ns, o Titular revisar\u00e1 periodicamente as listas e eliminar\u00e1 aqueles rexistros inactivos durante un tempo considerable.<\/p>\n<p><strong>Principio de integridade e confidencialidade:<\/strong> Os datos persoais recadados ser\u00e1n tratados de tal maneira que a s\u00faa seguridade, confidencialidade e integridade est\u00e1 garantida.<\/p>\n<p>O Titular toma as precauci\u00f3ns necesarias para evitar o acceso non autorizado ou uso indebido dos datos dos seus usuarios por parte de terceiros.<\/p>\n<p><strong>Obtenci\u00f3n de datos persoais<\/strong><\/p>\n<p>Para navegar polo sitio Web non \u00e9 necesario que facilite ning\u00fan dato persoal.<\/p>\n<p><strong>Dereitos<\/strong><\/p>\n<p>O Titular inf\u00f3rmalle que sobre os seus datos persoais ten dereito a:<\/p>\n<ul>\n<li>Solicitar o acceso aos datos almacenados.<\/li>\n<li>Solicitar unha rectificaci\u00f3n ou a supresi\u00f3n.<\/li>\n<li>Solicitar a limitaci\u00f3n do seu tratamento.<\/li>\n<li>Opo\u00f1erse ao tratamento.<\/li>\n<li>Non pode exercitar o dereito \u00e1 portabilidade dos datos.<\/li>\n<\/ul>\n<p>O exercicio destes dereitos \u00e9 persoal e polo tanto debe ser exercido directamente polo interesado, solicit\u00e1ndoo directamente ao Titular, o que significa que calquera cliente, subscritor ou colaborador que facilitase os seus datos nalg\u00fan momento, pode dirixirse ao Titular e pedir informaci\u00f3n sobre os datos que ten almacenados e como os obtivo, solicitar a rectificaci\u00f3n dos mesmos, opo\u00f1erse ao tratamento, limitar o seu uso ou solicitar a supresi\u00f3n deses datos nos ficheiros do Titular.<\/p>\n<p>Para exercitar os seus dereitos ten que enviar a s\u00faa petici\u00f3n xunto cunha fotocopia do Documento Nacional de Identidade ou equivalente ao enderezo de correo electr\u00f3nico: info@adegachaos.gal<\/p>\n<p>O exercicio destes dereitos non incl\u00fae ning\u00fan dato que o Titular estea obrigado a conservar con fins administrativos, legais ou de seguridade.<\/p>\n<p>Ten dereito \u00e1 tutela xudicial efectiva e a presentar unha reclamaci\u00f3n ante a autoridade de control, neste caso, a Axencia Espa\u00f1ola de Protecci\u00f3n de Datos, se considera que o tratamento de datos persoais que lle concirnen infringe o Regulamento.<\/p>\n<p><strong>Finalidade do tratamento de datos persoais<\/strong><\/p>\n<p>Cando vostede se conecta ao Sitio Web para mandar un correo ao Titular, subscr\u00edbese ao seu bolet\u00edn est\u00e1 facilitando informaci\u00f3n de car\u00e1cter persoal da que o responsable \u00e9 o Titular. Esta informaci\u00f3n pode inclu\u00edr datos de car\u00e1cter persoal como poden ser o seu enderezo IP, nome e apelidos, enderezo f\u00edsico, enderezo de correo electr\u00f3nico, n\u00famero de tel\u00e9fono, e outra informaci\u00f3n. Ao facilitar esta informaci\u00f3n, d\u00e1 o seu consentimento para que a s\u00faa informaci\u00f3n sexa recompilada, utilizada, xestionada e almacenada por \u2014 sered \u2014 s\u00f3 como se describe nas p\u00e1xinas:<\/p>\n<p>Aviso Legal Pol\u00edtica de Privacidade<\/p>\n<p>Os datos persoais e a finalidade do tratamento por parte do Titular \u00e9 diferente segundo o sistema de captura de informaci\u00f3n.<\/p>\n<p>Existen outras finalidades polas que o Titular trata datos persoais:<\/p>\n<ul>\n<li>Para garantir o cumprimento das condici\u00f3ns recollidas na p\u00e1xina de Aviso Legal e da lei aplicable. Isto pode inclu\u00edr o desenvolvemento de ferramentas e algoritmos que axuden ao Sitio Web a garantir a confidencialidade dos datos persoais que recolle.<\/li>\n<li>Para apoiar e mellorar os servizos que ofrece este Sitio Web.<\/li>\n<li>Para analizar a navegaci\u00f3n dos usuarios. O Titular recolle outros datos non identificativos que se obte\u00f1en mediante o uso de cookies que se descargan no ordenador do Usuario cando navega polo Sitio Web cuyas caracter\u00edsticas e finalidade est\u00e1n detalladas na p\u00e1xina de Pol\u00edtica de Cookies.<\/li>\n<li>Para xestionar as redes sociais. O Titular ten presenza en redes sociais. Se vostede se fai seguidor nas redes sociais do Titular o tratamento dos datos persoais rexerase por este apartado, as\u00ed como por aquelas condici\u00f3ns de uso, pol\u00edticas de privacidade e normativas de acceso que pertencen \u00e1 rede social que proceda en cada caso e que aceptou previamente.<\/li>\n<\/ul>\n<p>Pode consultar as pol\u00edticas de privacidade das principais redes sociais nestas ligaz\u00f3ns:<\/p>\n<ul>\n<li>Facebook<\/li>\n<li>Twitter<\/li>\n<li>Linkedin<\/li>\n<li>YouTube<\/li>\n<li>Instagram<\/li>\n<\/ul>\n<p>O Titular tratar\u00e1 os seus datos persoais coa finalidade de administrar correctamente a s\u00faa presenza na rede social, informarlle das s\u00faas actividades, as\u00ed como para calquera outra finalidade que as normativas das redes sociais permiten.<\/p>\n<p>En ning\u00fan caso o Titular utilizar\u00e1 os perf\u00eds de seguidores en redes sociais para enviar publicidade de maneira individual.<\/p>\n<p><strong>Seguridade dos datos persoais<\/strong><\/p>\n<p>Para protexer os seus datos persoais, o Titular toma todas as precauci\u00f3ns razoables e segue as mellores pr\u00e1cticas da industria para evitar a s\u00faa perda, mal uso, acceso indebido, divulgaci\u00f3n, alteraci\u00f3n ou destruci\u00f3n dos mesmos.<\/p>\n<p>O sitio Web est\u00e1 aloxado en: sered. A seguridade dos datos est\u00e1 garantida, xa que toman todas as medidas de seguridade necesarias para iso. Pode consultar a s\u00faa pol\u00edtica de privacidade para ter m\u00e1is informaci\u00f3n.<\/p>\n<p>O Titular informa ao Usuario de que os seus datos persoais non ser\u00e1n cedidos a terceiras organizaci\u00f3ns, coa salvidade de que devandita cesi\u00f3n de datos estea amparada nunha obrigaci\u00f3n legal ou cando a prestaci\u00f3n dun servizo implique a necesidade dunha relaci\u00f3n contractual cun encargado de tratamento. Neste \u00faltimo caso, s\u00f3 se levar\u00e1 a cabo a cesi\u00f3n de datos ao terceiro cando o Titular dispo\u00f1a do consentimento expreso do Usuario.<\/p>\n<p>Con todo, nalg\u00fans casos p\u00f3dense realizar colaboraci\u00f3ns con outros profesionais, neses casos, requirirase consentimento ao Usuario informando sobre a identidade do colaborador e a finalidade da colaboraci\u00f3n. Sempre se realizar\u00e1 cos m\u00e1is estritos est\u00e1ndares de seguridade.<\/p>\n<p><strong>Contido doutros sitios web<\/strong><\/p>\n<p>As p\u00e1xinas deste sitio Web poden inclu\u00edr contido incrustado (por exemplo, v\u00eddeos, imaxes, artigos, etc.). O contido incrustado doutras web comp\u00f3rtase exactamente da mesma maneira que se visitase a outra web.<\/p>\n<p>Estes sitios Web poden recompilar datos sobre vostede, utilizar cookies, incrustar un c\u00f3digo de seguimento adicional de terceiros, e supervisar a s\u00faa interacci\u00f3n usando este c\u00f3digo.<\/p>\n<p><strong>Pol\u00edtica de Cookies<\/strong><\/p>\n<p>Para que este sitio Web funcione correctamente necesita utilizar cookies, que \u00e9 unha informaci\u00f3n que se almacena no seu navegador web.<\/p>\n<p>Pode consultar toda a informaci\u00f3n relativa \u00e1 pol\u00edtica de recollida e tratamento das cookies na p\u00e1xina de Pol\u00edtica de Cookies.<\/p>\n<p><strong>Lexitimaci\u00f3n para o tratamento de datos<\/strong><\/p>\n<p>A base legal para o tratamento dos seus datos \u00e9:<\/p>\n<p>O consentimento do interesado.<\/p>\n<p><strong>Categor\u00edas de datos persoais<\/strong><\/p>\n<p>As categor\u00edas de datos persoais que trata o Titular son:<\/p>\n<p>Datos identificativos.<\/p>\n<p>Non se tratan categor\u00edas de datos especialmente protexidos.<\/p>\n<p><strong>Conservaci\u00f3n de datos persoais<\/strong><\/p>\n<p>Os datos persoais proporcionados ao Titular conservaranse ata que solicite a s\u00faa supresi\u00f3n.<\/p>\n<p><strong>Destinatarios de datos persoais<\/strong><\/p>\n<p>Google Analytics \u00e9 un servizo de anal\u00edtica web prestado por Google, Inc., unha compa\u00f1\u00eda de Delaware cuxa oficina principal est\u00e1 en 1600 Amphitheatre Parkway, Mountain View (California), CA 94043, Estados Unidos (\u00abGoogle\u00bb).<\/p>\n<p>Google Analytics utiliza \u00abcookies\u00bb, que son arquivos de texto ubicados no teu ordenador, para axudar ao Titular a analizar o uso que fan os Usuarios do sitio Web. A informaci\u00f3n que xera a cookie acerca do uso do sitio Web (inclu\u00edndo o enderezo IP) ser\u00e1 directamente transmitida e arquivada por Google nos servidores de Estados Unidos.<\/p>\n<p>M\u00e1is informaci\u00f3n en: https:\/\/analytics.google.com<\/p>\n<p>Pode consultar como Google xestiona a privacidade no que respecta ao uso das cookies e outra informaci\u00f3n na p\u00e1xina de Pol\u00edtica de privacidade de Google: https:\/\/policies.google.com\/privacy?hl=gl<\/p>\n<p>Tam\u00e9n pode ver unha lista dos tipos de cookies que utiliza Google e os seus colaboradores e toda a informaci\u00f3n relativa ao uso que fan das cookies publicitarias en:<\/p>\n<ul>\n<li>Tipos de cookies que utiliza Google<\/li>\n<li>Como utiliza Google as cookies en publicidade.<\/li>\n<\/ul>\n<p><strong>Navegaci\u00f3n Web<\/strong><\/p>\n<p>Ao navegar polo Sitio Web p\u00f3dense recoller datos non identificativos, que poden inclu\u00edr, o enderezo IP, xeolocalizaci\u00f3n, un rexistro de como se utilizan os servizos e sitios, h\u00e1bitos de navegaci\u00f3n e outros datos que non poden ser utilizados para identificalo.<\/p>\n<p>O sitio Web utiliza os seguintes servizos de an\u00e1lise de terceiros:<\/p>\n<p>Google Analytics.<\/p>\n<p>O Titular utiliza a informaci\u00f3n obtida para obter datos estat\u00edsticos, analizar tendencias, administrar o sitio, estudar patr\u00f3ns de navegaci\u00f3n e para recompilar informaci\u00f3n demogr\u00e1fica.<\/p>\n<p>O Titular non se fai responsable do tratamento dos datos persoais que realicen as p\u00e1xinas web \u00e1s que poida acceder a trav\u00e9s das distintas ligaz\u00f3ns que cont\u00e9n o Sitio Web.<\/p>\n<p><strong>Exactitude e veracidade dos datos persoais<\/strong><\/p>\n<p>Vostede comprom\u00e9tese a que os datos facilitados ao Titular sexan correctos, completos, exactos e vixentes, as\u00ed como a mantelos debidamente actualizados.<\/p>\n<p>Como Usuario do Sitio Web \u00e9 o \u00fanico responsable da veracidade e correcci\u00f3n dos datos remitidos ao Sitio Web exonerando ao Titular de calquera responsabilidade ao respecto.<\/p>\n<p><strong>Aceptaci\u00f3n e consentimento<\/strong><\/p>\n<p>Como Usuario do Sitio Web declara ter sido informado das condici\u00f3ns sobre protecci\u00f3n de datos de car\u00e1cter persoal, acepta e consinte o tratamento dos mesmos por parte do Titular na forma e para as finalidades indicadas nesta Pol\u00edtica de Privacidade.<\/p>\n<p>Para contactar co Titular, subscribirse a un bolet\u00edn ou realizar comentarios neste sitio Web ten que aceptar a presente Pol\u00edtica de Privacidade.<\/p>\n<p><strong>Cambios na Pol\u00edtica de Privacidade<\/strong><\/p>\n<p>O Titular res\u00e9rvase o dereito a modificar a presente Pol\u00edtica de Privacidade para adaptala a novidades lexislativas ou xurisprudenciais, as\u00ed como a pr\u00e1cticas da industria.<\/p>\n<p>Estas pol\u00edticas estar\u00e1n vixentes ata que sexan modificadas por outras debidamente publicadas.<\/p>\n","protected":false},"excerpt":{"rendered":"<p>Pol\u00edtica de Privacidade O Titular inf\u00f3rmalle sobre a s\u00faa Pol\u00edtica de Privacidade respecto do tratamento e protecci\u00f3n dos datos de car\u00e1cter persoal dos usuarios que poidan ser recadados durante a&#8230;<\/p>\n","protected":false},"author":1,"featured_media":0,"parent":0,"menu_order":0,"comment_status":"closed","ping_status":"open","template":"","meta":{"footnotes":""},"class_list":["post-1016","page","type-page","status-publish"],"_links":{"self":[{"href":"https:\/\/adegachaos.gal\/gl\/wp-json\/wp\/v2\/pages\/1016","targetHints":{"allow":["GET"]}}],"collection":[{"href":"https:\/\/adegachaos.gal\/gl\/wp-json\/wp\/v2\/pages"}],"about":[{"href":"https:\/\/adegachaos.gal\/gl\/wp-json\/wp\/v2\/types\/page"}],"author":[{"embeddable":true,"href":"https:\/\/adegachaos.gal\/gl\/wp-json\/wp\/v2\/users\/1"}],"replies":[{"embeddable":true,"href":"https:\/\/adegachaos.gal\/gl\/wp-json\/wp\/v2\/comments?post=1016"}],"version-history":[{"count":1,"href":"https:\/\/adegachaos.gal\/gl\/wp-json\/wp\/v2\/pages\/1016\/revisions"}],"predecessor-version":[{"id":1019,"href":"https:\/\/adegachaos.gal\/gl\/wp-json\/wp\/v2\/pages\/1016\/revisions\/1019"}],"wp:attachment":[{"href":"https:\/\/adegachaos.gal\/gl\/wp-json\/wp\/v2\/media?parent=1016"}],"curies":[{"name":"wp","href":"https:\/\/api.w.org\/{rel}","templated":true}]}}